{"id":542,"date":"2018-11-27T09:17:28","date_gmt":"2018-11-27T09:17:28","guid":{"rendered":"https:\/\/adniteroi.com.br\/index.php\/services\/"},"modified":"2023-03-01T11:16:44","modified_gmt":"2023-03-01T14:16:44","slug":"services","status":"publish","type":"page","link":"https:\/\/adniteroi.com.br\/index.php\/services\/","title":{"rendered":"Services"},"content":{"rendered":"\t\t<div data-elementor-type=\"wp-post\" data-elementor-id=\"542\" class=\"elementor elementor-542\">\n\t\t\t\t\t\t\t\t\t<section class=\"elementor-section elementor-top-section elementor-element elementor-element-33a79095 elementor-section-boxed elementor-section-height-default elementor-section-height-default\" data-id=\"33a79095\" data-element_type=\"section\" data-settings=\"{&quot;background_background&quot;:&quot;classic&quot;}\">\n\t\t\t\t\t\t\t<div class=\"elementor-background-overlay\"><\/div>\n\t\t\t\t\t\t\t<div class=\"elementor-container elementor-column-gap-default\">\n\t\t\t\t\t<div class=\"elementor-column elementor-col-100 elementor-top-column elementor-element elementor-element-3706530d\" data-id=\"3706530d\" data-element_type=\"column\">\n\t\t\t<div class=\"elementor-widget-wrap elementor-element-populated\">\n\t\t\t\t\t\t\t\t<div class=\"elementor-element elementor-element-537de1f elementor-widget elementor-widget-heading\" data-id=\"537de1f\" data-element_type=\"widget\" data-widget_type=\"heading.default\">\n\t\t\t\t<div class=\"elementor-widget-container\">\n\t\t\t<style>\/*! elementor - v3.10.0 - 09-01-2023 *\/\n.elementor-heading-title{padding:0;margin:0;line-height:1}.elementor-widget-heading .elementor-heading-title[class*=elementor-size-]>a{color:inherit;font-size:inherit;line-height:inherit}.elementor-widget-heading .elementor-heading-title.elementor-size-small{font-size:15px}.elementor-widget-heading .elementor-heading-title.elementor-size-medium{font-size:19px}.elementor-widget-heading .elementor-heading-title.elementor-size-large{font-size:29px}.elementor-widget-heading .elementor-heading-title.elementor-size-xl{font-size:39px}.elementor-widget-heading .elementor-heading-title.elementor-size-xxl{font-size:59px}<\/style><h1 class=\"elementor-heading-title elementor-size-default\">departAmentos<\/h1>\t\t<\/div>\n\t\t\t\t<\/div>\n\t\t\t\t\t<\/div>\n\t\t<\/div>\n\t\t\t\t\t\t\t<\/div>\n\t\t<\/section>\n\t\t\t\t<section class=\"elementor-section elementor-top-section elementor-element elementor-element-2dbed9a elementor-section-boxed elementor-section-height-default elementor-section-height-default\" data-id=\"2dbed9a\" data-element_type=\"section\">\n\t\t\t\t\t\t<div class=\"elementor-container elementor-column-gap-default\">\n\t\t\t\t\t<div class=\"elementor-column elementor-col-100 elementor-top-column elementor-element elementor-element-1ca627b\" data-id=\"1ca627b\" data-element_type=\"column\">\n\t\t\t<div class=\"elementor-widget-wrap elementor-element-populated\">\n\t\t\t\t\t\t\t\t<div class=\"elementor-element elementor-element-42fd904 elementor-widget elementor-widget-heading\" data-id=\"42fd904\" data-element_type=\"widget\" data-widget_type=\"heading.default\">\n\t\t\t\t<div class=\"elementor-widget-container\">\n\t\t\t<h2 class=\"elementor-heading-title elementor-size-default\">A Obra de deus n\u00e3o para...<\/h2>\t\t<\/div>\n\t\t\t\t<\/div>\n\t\t\t\t<div class=\"elementor-element elementor-element-432499d elementor-widget-divider--view-line elementor-widget elementor-widget-divider\" data-id=\"432499d\" data-element_type=\"widget\" data-widget_type=\"divider.default\">\n\t\t\t\t<div class=\"elementor-widget-container\">\n\t\t\t<style>\/*! elementor - v3.10.0 - 09-01-2023 *\/\n.elementor-widget-divider{--divider-border-style:none;--divider-border-width:1px;--divider-color:#2c2c2c;--divider-icon-size:20px;--divider-element-spacing:10px;--divider-pattern-height:24px;--divider-pattern-size:20px;--divider-pattern-url:none;--divider-pattern-repeat:repeat-x}.elementor-widget-divider .elementor-divider{display:flex}.elementor-widget-divider .elementor-divider__text{font-size:15px;line-height:1;max-width:95%}.elementor-widget-divider .elementor-divider__element{margin:0 var(--divider-element-spacing);flex-shrink:0}.elementor-widget-divider .elementor-icon{font-size:var(--divider-icon-size)}.elementor-widget-divider .elementor-divider-separator{display:flex;margin:0;direction:ltr}.elementor-widget-divider--view-line_icon .elementor-divider-separator,.elementor-widget-divider--view-line_text .elementor-divider-separator{align-items:center}.elementor-widget-divider--view-line_icon .elementor-divider-separator:after,.elementor-widget-divider--view-line_icon .elementor-divider-separator:before,.elementor-widget-divider--view-line_text .elementor-divider-separator:after,.elementor-widget-divider--view-line_text .elementor-divider-separator:before{display:block;content:\"\";border-bottom:0;flex-grow:1;border-top:var(--divider-border-width) var(--divider-border-style) var(--divider-color)}.elementor-widget-divider--element-align-left .elementor-divider .elementor-divider-separator>.elementor-divider__svg:first-of-type{flex-grow:0;flex-shrink:100}.elementor-widget-divider--element-align-left .elementor-divider-separator:before{content:none}.elementor-widget-divider--element-align-left .elementor-divider__element{margin-left:0}.elementor-widget-divider--element-align-right .elementor-divider .elementor-divider-separator>.elementor-divider__svg:last-of-type{flex-grow:0;flex-shrink:100}.elementor-widget-divider--element-align-right .elementor-divider-separator:after{content:none}.elementor-widget-divider--element-align-right .elementor-divider__element{margin-right:0}.elementor-widget-divider:not(.elementor-widget-divider--view-line_text):not(.elementor-widget-divider--view-line_icon) .elementor-divider-separator{border-top:var(--divider-border-width) var(--divider-border-style) var(--divider-color)}.elementor-widget-divider--separator-type-pattern{--divider-border-style:none}.elementor-widget-divider--separator-type-pattern.elementor-widget-divider--view-line .elementor-divider-separator,.elementor-widget-divider--separator-type-pattern:not(.elementor-widget-divider--view-line) .elementor-divider-separator:after,.elementor-widget-divider--separator-type-pattern:not(.elementor-widget-divider--view-line) .elementor-divider-separator:before,.elementor-widget-divider--separator-type-pattern:not([class*=elementor-widget-divider--view]) .elementor-divider-separator{width:100%;min-height:var(--divider-pattern-height);-webkit-mask-size:var(--divider-pattern-size) 100%;mask-size:var(--divider-pattern-size) 100%;-webkit-mask-repeat:var(--divider-pattern-repeat);mask-repeat:var(--divider-pattern-repeat);background-color:var(--divider-color);-webkit-mask-image:var(--divider-pattern-url);mask-image:var(--divider-pattern-url)}.elementor-widget-divider--no-spacing{--divider-pattern-size:auto}.elementor-widget-divider--bg-round{--divider-pattern-repeat:round}.rtl .elementor-widget-divider .elementor-divider__text{direction:rtl}.e-con-inner>.elementor-widget-divider,.e-con>.elementor-widget-divider{width:var(--container-widget-width);--flex-grow:var(--container-widget-flex-grow)}<\/style>\t\t<div class=\"elementor-divider\">\n\t\t\t<span class=\"elementor-divider-separator\">\n\t\t\t\t\t\t<\/span>\n\t\t<\/div>\n\t\t\t\t<\/div>\n\t\t\t\t<\/div>\n\t\t\t\t<div class=\"elementor-element elementor-element-8dff22f elementor-widget elementor-widget-text-editor\" data-id=\"8dff22f\" data-element_type=\"widget\" data-widget_type=\"text-editor.default\">\n\t\t\t\t<div class=\"elementor-widget-container\">\n\t\t\t<style>\/*! elementor - v3.10.0 - 09-01-2023 *\/\n.elementor-widget-text-editor.elementor-drop-cap-view-stacked .elementor-drop-cap{background-color:#818a91;color:#fff}.elementor-widget-text-editor.elementor-drop-cap-view-framed .elementor-drop-cap{color:#818a91;border:3px solid;background-color:transparent}.elementor-widget-text-editor:not(.elementor-drop-cap-view-default) .elementor-drop-cap{margin-top:8px}.elementor-widget-text-editor:not(.elementor-drop-cap-view-default) .elementor-drop-cap-letter{width:1em;height:1em}.elementor-widget-text-editor .elementor-drop-cap{float:left;text-align:center;line-height:1;font-size:50px}.elementor-widget-text-editor .elementor-drop-cap-letter{display:inline-block}<\/style>\t\t\t\t<p>Nossos departamentos est\u00e3o atuantes dentro e fora de nossa Igreja.\u00a0<\/p>\t\t\t\t\t\t<\/div>\n\t\t\t\t<\/div>\n\t\t\t\t\t<\/div>\n\t\t<\/div>\n\t\t\t\t\t\t\t<\/div>\n\t\t<\/section>\n\t\t\t\t<section class=\"elementor-section elementor-inner-section elementor-element elementor-element-d6c60ea elementor-section-boxed elementor-section-height-default elementor-section-height-default\" data-id=\"d6c60ea\" data-element_type=\"section\">\n\t\t\t\t\t\t<div class=\"elementor-container elementor-column-gap-default\">\n\t\t\t\t\t<div class=\"elementor-column elementor-col-50 elementor-inner-column elementor-element elementor-element-f20a204\" data-id=\"f20a204\" data-element_type=\"column\">\n\t\t\t<div class=\"elementor-widget-wrap elementor-element-populated\">\n\t\t\t\t\t\t\t\t<div class=\"elementor-element elementor-element-bfd172b elementor-widget elementor-widget-image\" data-id=\"bfd172b\" data-element_type=\"widget\" data-widget_type=\"image.default\">\n\t\t\t\t<div class=\"elementor-widget-container\">\n\t\t\t<style>\/*! elementor - v3.10.0 - 09-01-2023 *\/\n.elementor-widget-image{text-align:center}.elementor-widget-image a{display:inline-block}.elementor-widget-image a img[src$=\".svg\"]{width:48px}.elementor-widget-image img{vertical-align:middle;display:inline-block}<\/style>\t\t\t\t\t\t\t\t\t\t\t\t<img loading=\"lazy\" decoding=\"async\" width=\"828\" height=\"827\" src=\"https:\/\/adniteroi.com.br\/wp-content\/uploads\/2023\/02\/910cc4dc-6888-41f3-8668-c9a3d6941ca2.jpg\" class=\"attachment-large size-large wp-image-616\" alt=\"\" srcset=\"https:\/\/adniteroi.com.br\/wp-content\/uploads\/2023\/02\/910cc4dc-6888-41f3-8668-c9a3d6941ca2.jpg 828w, https:\/\/adniteroi.com.br\/wp-content\/uploads\/2023\/02\/910cc4dc-6888-41f3-8668-c9a3d6941ca2-300x300.jpg 300w, https:\/\/adniteroi.com.br\/wp-content\/uploads\/2023\/02\/910cc4dc-6888-41f3-8668-c9a3d6941ca2-150x150.jpg 150w, https:\/\/adniteroi.com.br\/wp-content\/uploads\/2023\/02\/910cc4dc-6888-41f3-8668-c9a3d6941ca2-768x767.jpg 768w\" sizes=\"auto, (max-width: 828px) 100vw, 828px\" \/>\t\t\t\t\t\t\t\t\t\t\t\t\t\t\t<\/div>\n\t\t\t\t<\/div>\n\t\t\t\t<div class=\"elementor-element elementor-element-d0c44fe elementor-position-top elementor-vertical-align-top elementor-widget elementor-widget-image-box\" data-id=\"d0c44fe\" data-element_type=\"widget\" data-widget_type=\"image-box.default\">\n\t\t\t\t<div class=\"elementor-widget-container\">\n\t\t\t<style>\/*! elementor - v3.10.0 - 09-01-2023 *\/\n.elementor-widget-image-box .elementor-image-box-content{width:100%}@media (min-width:768px){.elementor-widget-image-box.elementor-position-left .elementor-image-box-wrapper,.elementor-widget-image-box.elementor-position-right .elementor-image-box-wrapper{display:flex}.elementor-widget-image-box.elementor-position-right .elementor-image-box-wrapper{text-align:right;flex-direction:row-reverse}.elementor-widget-image-box.elementor-position-left .elementor-image-box-wrapper{text-align:left;flex-direction:row}.elementor-widget-image-box.elementor-position-top .elementor-image-box-img{margin:auto}.elementor-widget-image-box.elementor-vertical-align-top .elementor-image-box-wrapper{align-items:flex-start}.elementor-widget-image-box.elementor-vertical-align-middle .elementor-image-box-wrapper{align-items:center}.elementor-widget-image-box.elementor-vertical-align-bottom .elementor-image-box-wrapper{align-items:flex-end}}@media (max-width:767px){.elementor-widget-image-box .elementor-image-box-img{margin-left:auto!important;margin-right:auto!important;margin-bottom:15px}}.elementor-widget-image-box .elementor-image-box-img{display:inline-block}.elementor-widget-image-box .elementor-image-box-title a{color:inherit}.elementor-widget-image-box .elementor-image-box-wrapper{text-align:center}.elementor-widget-image-box .elementor-image-box-description{margin:0}<\/style><div class=\"elementor-image-box-wrapper\"><div class=\"elementor-image-box-content\"><h5 class=\"elementor-image-box-title\">DEPARTAMENTO INFANTIL<br><span style=\"color: rgb(51, 51, 51); font-family: Georgia, Times, &quot;Times New Roman&quot;, serif; font-weight: 400; text-align: start; white-space: normal; background-color: rgb(245, 243, 240);\">Ent\u00e3o disse Jesus: \"Deixem vir a mim as crian\u00e7as e n\u00e3o as impe\u00e7am; pois o Reino dos c\u00e9us pertence aos que s\u00e3o semelhantes a elas\".<\/span><br style=\"color: rgb(51, 51, 51); font-family: Georgia, Times, &quot;Times New Roman&quot;, serif; font-weight: 400; text-align: start; white-space: normal; background-color: rgb(245, 243, 240);\"><a href=\"https:\/\/www.bibliaon.com\/versiculo\/mateus_19_14\/\" style=\"background: rgb(245, 243, 240); outline: none; text-decoration-line: underline; font-family: &quot;Open Sans&quot;, Helvetica, Arial, sans-serif; color: rgb(21, 124, 181); font-weight: 400; text-align: start; white-space: normal;\">Mateus 19:14<\/a><\/h5><\/div><\/div>\t\t<\/div>\n\t\t\t\t<\/div>\n\t\t\t\t\t<\/div>\n\t\t<\/div>\n\t\t\t\t<div class=\"elementor-column elementor-col-50 elementor-inner-column elementor-element elementor-element-bce40d9\" data-id=\"bce40d9\" data-element_type=\"column\">\n\t\t\t<div class=\"elementor-widget-wrap elementor-element-populated\">\n\t\t\t\t\t\t\t\t<div class=\"elementor-element elementor-element-cce00ea elementor-widget elementor-widget-image\" data-id=\"cce00ea\" data-element_type=\"widget\" data-widget_type=\"image.default\">\n\t\t\t\t<div class=\"elementor-widget-container\">\n\t\t\t\t\t\t\t\t\t\t\t\t\t\t\t<img loading=\"lazy\" decoding=\"async\" width=\"1024\" height=\"682\" src=\"https:\/\/adniteroi.com.br\/wp-content\/uploads\/2023\/03\/561f0dc9-a6ae-48b0-8118-9f1976b346d0-1024x682.jpg\" class=\"attachment-large size-large wp-image-688\" alt=\"\" srcset=\"https:\/\/adniteroi.com.br\/wp-content\/uploads\/2023\/03\/561f0dc9-a6ae-48b0-8118-9f1976b346d0-1024x682.jpg 1024w, https:\/\/adniteroi.com.br\/wp-content\/uploads\/2023\/03\/561f0dc9-a6ae-48b0-8118-9f1976b346d0-300x200.jpg 300w, https:\/\/adniteroi.com.br\/wp-content\/uploads\/2023\/03\/561f0dc9-a6ae-48b0-8118-9f1976b346d0-768x512.jpg 768w, https:\/\/adniteroi.com.br\/wp-content\/uploads\/2023\/03\/561f0dc9-a6ae-48b0-8118-9f1976b346d0.jpg 1280w\" sizes=\"auto, (max-width: 1024px) 100vw, 1024px\" \/>\t\t\t\t\t\t\t\t\t\t\t\t\t\t\t<\/div>\n\t\t\t\t<\/div>\n\t\t\t\t<div class=\"elementor-element elementor-element-c17baf9 elementor-position-top elementor-vertical-align-top elementor-widget elementor-widget-image-box\" data-id=\"c17baf9\" data-element_type=\"widget\" data-widget_type=\"image-box.default\">\n\t\t\t\t<div class=\"elementor-widget-container\">\n\t\t\t<div class=\"elementor-image-box-wrapper\"><div class=\"elementor-image-box-content\"><h5 class=\"elementor-image-box-title\">JUVENTUDE<\/h5><p class=\"elementor-image-box-description\"><span style=\"color: rgb(51, 51, 51); font-family: Georgia, Times, &quot;Times New Roman&quot;, serif; font-size: 18px; text-align: start; white-space: normal; background-color: rgb(245, 243, 240);\">Ningu\u00e9m o despreze pelo fato de voc\u00ea ser jovem, mas seja um exemplo para os fi\u00e9is na palavra, no procedimento, no amor, na f\u00e9 e na pureza.<\/span><br style=\"color: rgb(51, 51, 51); font-family: Georgia, Times, &quot;Times New Roman&quot;, serif; font-size: 18px; text-align: start; white-space: normal; background-color: rgb(245, 243, 240);\"><a href=\"https:\/\/www.bibliaon.com\/versiculo\/1_timoteo_4_12\/\" style=\"background: rgb(245, 243, 240); outline: none; text-decoration-line: underline; font-family: &quot;Open Sans&quot;, Helvetica, Arial, sans-serif; color: rgb(21, 124, 181); font-size: 18px; text-align: start; white-space: normal;\">1 Tim\u00f3teo 4:12<\/a><\/p><\/div><\/div>\t\t<\/div>\n\t\t\t\t<\/div>\n\t\t\t\t\t<\/div>\n\t\t<\/div>\n\t\t\t\t\t\t\t<\/div>\n\t\t<\/section>\n\t\t\t\t<section class=\"elementor-section elementor-inner-section elementor-element elementor-element-3dca23c elementor-section-boxed elementor-section-height-default elementor-section-height-default\" data-id=\"3dca23c\" data-element_type=\"section\">\n\t\t\t\t\t\t<div class=\"elementor-container elementor-column-gap-default\">\n\t\t\t\t\t<div class=\"elementor-column elementor-col-50 elementor-inner-column elementor-element elementor-element-f58b4c4\" data-id=\"f58b4c4\" data-element_type=\"column\">\n\t\t\t<div class=\"elementor-widget-wrap elementor-element-populated\">\n\t\t\t\t\t\t\t\t<div class=\"elementor-element elementor-element-d7fa0e3 elementor-widget elementor-widget-image\" data-id=\"d7fa0e3\" data-element_type=\"widget\" data-widget_type=\"image.default\">\n\t\t\t\t<div class=\"elementor-widget-container\">\n\t\t\t\t\t\t\t\t\t\t\t\t\t\t\t<img loading=\"lazy\" decoding=\"async\" width=\"828\" height=\"821\" src=\"https:\/\/adniteroi.com.br\/wp-content\/uploads\/2023\/02\/bd1994e7-2611-4163-95cb-bbc8f9510b6d.jpg\" class=\"attachment-large size-large wp-image-617\" alt=\"\" srcset=\"https:\/\/adniteroi.com.br\/wp-content\/uploads\/2023\/02\/bd1994e7-2611-4163-95cb-bbc8f9510b6d.jpg 828w, https:\/\/adniteroi.com.br\/wp-content\/uploads\/2023\/02\/bd1994e7-2611-4163-95cb-bbc8f9510b6d-300x297.jpg 300w, https:\/\/adniteroi.com.br\/wp-content\/uploads\/2023\/02\/bd1994e7-2611-4163-95cb-bbc8f9510b6d-150x150.jpg 150w, https:\/\/adniteroi.com.br\/wp-content\/uploads\/2023\/02\/bd1994e7-2611-4163-95cb-bbc8f9510b6d-768x762.jpg 768w\" sizes=\"auto, (max-width: 828px) 100vw, 828px\" \/>\t\t\t\t\t\t\t\t\t\t\t\t\t\t\t<\/div>\n\t\t\t\t<\/div>\n\t\t\t\t<div class=\"elementor-element elementor-element-66bbc4f elementor-position-top elementor-vertical-align-top elementor-widget elementor-widget-image-box\" data-id=\"66bbc4f\" data-element_type=\"widget\" data-widget_type=\"image-box.default\">\n\t\t\t\t<div class=\"elementor-widget-container\">\n\t\t\t<div class=\"elementor-image-box-wrapper\"><div class=\"elementor-image-box-content\"><h5 class=\"elementor-image-box-title\">DEPARTAMENTO DE MULHERES<\/h5><p class=\"elementor-image-box-description\"><span style=\"color: rgb(51, 51, 51); font-family: Georgia, Times, &quot;Times New Roman&quot;, serif; font-size: 18px; text-align: start; white-space: normal; background-color: rgb(245, 243, 240);\">Agora, minha filha, n\u00e3o tenha medo; farei por voc\u00ea tudo o que me pedir. Todos os meus concidad\u00e3os sabem que voc\u00ea \u00e9 mulher virtuosa.<\/span><br style=\"color: rgb(51, 51, 51); font-family: Georgia, Times, &quot;Times New Roman&quot;, serif; font-size: 18px; text-align: start; white-space: normal; background-color: rgb(245, 243, 240);\"><a href=\"https:\/\/www.bibliaon.com\/versiculo\/rute_3_11\/\" style=\"background: rgb(245, 243, 240); outline: 0px; font-family: &quot;Open Sans&quot;, Helvetica, Arial, sans-serif; color: rgb(25, 149, 218); font-size: 18px; text-align: start; white-space: normal;\">Rute 3:1<\/a><\/p><\/div><\/div>\t\t<\/div>\n\t\t\t\t<\/div>\n\t\t\t\t\t<\/div>\n\t\t<\/div>\n\t\t\t\t<div class=\"elementor-column elementor-col-50 elementor-inner-column elementor-element elementor-element-31ca30b\" data-id=\"31ca30b\" data-element_type=\"column\">\n\t\t\t<div class=\"elementor-widget-wrap elementor-element-populated\">\n\t\t\t\t\t\t\t\t<div class=\"elementor-element elementor-element-238cce3 elementor-widget elementor-widget-image\" data-id=\"238cce3\" data-element_type=\"widget\" data-widget_type=\"image.default\">\n\t\t\t\t<div class=\"elementor-widget-container\">\n\t\t\t\t\t\t\t\t\t\t\t\t\t\t\t<img loading=\"lazy\" decoding=\"async\" width=\"828\" height=\"739\" src=\"https:\/\/adniteroi.com.br\/wp-content\/uploads\/2023\/02\/3b6425d1-2713-4f27-be95-e13d06e925f0.jpg\" class=\"attachment-large size-large wp-image-618\" alt=\"\" srcset=\"https:\/\/adniteroi.com.br\/wp-content\/uploads\/2023\/02\/3b6425d1-2713-4f27-be95-e13d06e925f0.jpg 828w, https:\/\/adniteroi.com.br\/wp-content\/uploads\/2023\/02\/3b6425d1-2713-4f27-be95-e13d06e925f0-300x268.jpg 300w, https:\/\/adniteroi.com.br\/wp-content\/uploads\/2023\/02\/3b6425d1-2713-4f27-be95-e13d06e925f0-768x685.jpg 768w\" sizes=\"auto, (max-width: 828px) 100vw, 828px\" \/>\t\t\t\t\t\t\t\t\t\t\t\t\t\t\t<\/div>\n\t\t\t\t<\/div>\n\t\t\t\t<div class=\"elementor-element elementor-element-00d7c15 elementor-position-top elementor-vertical-align-top elementor-widget elementor-widget-image-box\" data-id=\"00d7c15\" data-element_type=\"widget\" data-widget_type=\"image-box.default\">\n\t\t\t\t<div class=\"elementor-widget-container\">\n\t\t\t<div class=\"elementor-image-box-wrapper\"><div class=\"elementor-image-box-content\"><h5 class=\"elementor-image-box-title\">DEPARTAMENTO DOS HOMENS<\/h5><p class=\"elementor-image-box-description\"><span style=\"color: rgb(51, 51, 51); font-family: Georgia, Times, &quot;Times New Roman&quot;, serif; font-size: 18px; text-align: start; white-space: normal; background-color: rgb(245, 243, 240);\">Estejam vigilantes, mantenham-se firmes na f\u00e9, sejam homens de coragem, sejam fortes. Fa\u00e7am tudo com amor.<\/span><br style=\"color: rgb(51, 51, 51); font-family: Georgia, Times, &quot;Times New Roman&quot;, serif; font-size: 18px; text-align: start; white-space: normal; background-color: rgb(245, 243, 240);\"><a href=\"https:\/\/www.bibliaon.com\/versiculo\/1_corintios_16_13-14\/\" style=\"background: rgb(245, 243, 240); outline: none; text-decoration-line: underline; font-family: &quot;Open Sans&quot;, Helvetica, Arial, sans-serif; color: rgb(21, 124, 181); font-size: 18px; text-align: start; white-space: normal;\">1 Cor\u00edntios 16:13-14<\/a><\/p><\/div><\/div>\t\t<\/div>\n\t\t\t\t<\/div>\n\t\t\t\t\t<\/div>\n\t\t<\/div>\n\t\t\t\t\t\t\t<\/div>\n\t\t<\/section>\n\t\t\t\t\t\t\t<\/div>\n\t\t","protected":false},"excerpt":{"rendered":"<p>departAmentos A Obra de deus n\u00e3o para&#8230; Nossos departamentos est\u00e3o atuantes dentro e fora de nossa Igreja.\u00a0 DEPARTAMENTO INFANTILEnt\u00e3o disse Jesus: &#8220;Deixem vir a mim as crian\u00e7as e n\u00e3o as impe\u00e7am; pois o Reino dos c\u00e9us pertence aos que s\u00e3o semelhantes a elas&#8221;.Mateus 19:14 JUVENTUDE Ningu\u00e9m o despreze pelo fato de voc\u00ea ser jovem, mas &hellip;<\/p>\n<p class=\"read-more\"> <a class=\"\" href=\"https:\/\/adniteroi.com.br\/index.php\/services\/\"> <span class=\"screen-reader-text\">Services<\/span> Leia mais &raquo;<\/a><\/p>\n","protected":false},"author":1,"featured_media":0,"parent":0,"menu_order":0,"comment_status":"closed","ping_status":"closed","template":"","meta":{"site-sidebar-layout":"no-sidebar","site-content-layout":"page-builder","ast-global-header-display":"","ast-main-header-display":"","ast-hfb-above-header-display":"","ast-hfb-below-header-display":"","ast-hfb-mobile-header-display":"","site-post-title":"disabled","ast-breadcrumbs-content":"","ast-featured-img":"disabled","footer-sml-layout":"","theme-transparent-header-meta":"enabled","adv-header-id-meta":"","stick-header-meta":"","header-above-stick-meta":"","header-main-stick-meta":"","header-below-stick-meta":"","footnotes":""},"class_list":["post-542","page","type-page","status-publish","hentry"],"_links":{"self":[{"href":"https:\/\/adniteroi.com.br\/index.php\/wp-json\/wp\/v2\/pages\/542","targetHints":{"allow":["GET"]}}],"collection":[{"href":"https:\/\/adniteroi.com.br\/index.php\/wp-json\/wp\/v2\/pages"}],"about":[{"href":"https:\/\/adniteroi.com.br\/index.php\/wp-json\/wp\/v2\/types\/page"}],"author":[{"embeddable":true,"href":"https:\/\/adniteroi.com.br\/index.php\/wp-json\/wp\/v2\/users\/1"}],"replies":[{"embeddable":true,"href":"https:\/\/adniteroi.com.br\/index.php\/wp-json\/wp\/v2\/comments?post=542"}],"version-history":[{"count":10,"href":"https:\/\/adniteroi.com.br\/index.php\/wp-json\/wp\/v2\/pages\/542\/revisions"}],"predecessor-version":[{"id":691,"href":"https:\/\/adniteroi.com.br\/index.php\/wp-json\/wp\/v2\/pages\/542\/revisions\/691"}],"wp:attachment":[{"href":"https:\/\/adniteroi.com.br\/index.php\/wp-json\/wp\/v2\/media?parent=542"}],"curies":[{"name":"wp","href":"https:\/\/api.w.org\/{rel}","templated":true}]}}